{"id":42,"date":"2025-02-01T14:23:30","date_gmt":"2025-02-01T19:23:30","guid":{"rendered":"https:\/\/jcsystemes.com\/?page_id=42"},"modified":"2026-04-23T06:27:27","modified_gmt":"2026-04-23T11:27:27","slug":"coming-soon","status":"publish","type":"page","link":"https:\/\/jcsystemes.com\/fr\/coming-soon\/","title":{"rendered":"Coming Soon"},"content":{"rendered":"<div class=\"brz brz-root__container brz-reset-all brz-root__container-page\">\n<section id=\"cvrb435WBBQU_cvrb435WBBQU\" class=\"brz-section brz-css-d-section brz-css-5r19z4\">\n<div class=\"brz-section__content brz-section--boxed brz-css-d-sectionitem-bg brz-css-1phad3c\" data-brz-custom-id=\"cnfb0KqRi4Ah\">\n<div class=\"brz-bg\">\n<div class=\"brz-bg-image\"><\/div>\n<\/div>\n<div class=\"brz-container brz-css-d-sectionitem-container brz-css-swf8ej\">\n<div id=\"\" data-brz-iteration-count=\"1\" class=\"brz-css-d-wrapper brz-css-1r6dra3 brz-wrapper brz-animated brz-css-d-wrapper-animation-zoomin-1000-0-false brz-css-9uql65\" data-animationid=\"i_JHDjZd3ef3\">\n<div class=\"brz-hover-animation__container brz-css-d-image-u8qylbuc_8ma-parent-hover brz-css-1d5zmi6\" data-brz-hover-animationid=\"i_JHDjZd3ef3\" data-brz-hover-options=\"%7B%22fill%22:%22forwards%22,%22easing%22:%22ease%22,%22duration%22:600,%22iterations%22:1%7D\" data-brz-hover-reversible=\"false\" data-brz-hover-target=\"%22firstChild%22\" data-brz-hover-animation=\"%5B%7B%22WebkitTransform%22:%22scale(1.1)%22,%22transform%22:%22scale(1.1)%22,%22offset%22:0.25%7D,%7B%22WebkitTransform%22:%22scale(0.9)%22,%22transform%22:%22scale(0.9)%22,%22offset%22:0.75%7D%5D\" data-brz-custom-id=\"u8qyLbuc_8ma\">\n<div class=\"brz-image brz-image--hovered brz-css-d-image-u8qylbuc_8ma-parent brz-css-oe2dyy\"><img decoding=\"async\" class=\"brz-img\" srcset=\"https:\/\/jcsystemes.com\/wp-content\/uploads\/2025\/02\/jc-systemes-logo.png 1x, https:\/\/jcsystemes.com\/wp-content\/uploads\/2025\/02\/jc-systemes-logo.png 2x\" src=\"https:\/\/jcsystemes.com\/wp-content\/uploads\/2025\/02\/jc-systemes-logo.png\" loading=\"lazy\" title=\"\"><\/div>\n<\/div>\n<\/div>\n<div id=\"\" class=\"brz-css-d-wrapper brz-css-luhanw brz-wrapper\">\n<div class=\"brz-rich-text brz-rich-text__custom brz-css-d-richtext brz-css-167xuy1\" data-brz-custom-id=\"rC8PqtihsnTd\">\n<div data-brz-translate-text=\"1\">\n<p class=\"brz-fsft-sm-0 brz-fwdth-sm-100 brz-vfw-sm-400 brz-lh-sm-1_3 brz-ls-sm-m_1_5 brz-fw-sm-400 brz-fss-sm-px brz-fs-sm-50 brz-tp-sm-empty brz-text-lg-center brz-fss-lg-px brz-fw-lg-400 brz-ls-lg-m_1_5 brz-lh-lg-1_3 brz-vfw-lg-400 brz-fwdth-lg-100 brz-fsft-lg-0 brz-tp-lg-empty brz-ff-dm_serif_text brz-ft-google brz-fs-lg-55 brz-fss-xs-px brz-fw-xs-400 brz-ls-xs-m_1_5 brz-lh-xs-1_3 brz-vfw-xs-400 brz-fwdth-xs-100 brz-fsft-xs-0 brz-tp-xs-empty brz-fs-xs-45 brz-css-i_AaV\" data-uniq-id=\"yglwD\" data-generated-css=\"brz-css-hOtn8\"><span class=\"brz-cp-color2\">Prochainement<\/span><\/p>\n<\/div>\n<\/div>\n<\/div>\n<div id=\"\" class=\"brz-css-d-wrapper brz-css-1mfgw6d brz-wrapper\">\n<div class=\"brz-rich-text brz-rich-text__custom brz-css-d-richtext brz-css-y58x9n\" data-brz-custom-id=\"bYoYAFVDQ7Xy\">\n<div data-brz-translate-text=\"1\">\n<p class=\"brz-text-lg-center brz-tp-xs-empty brz-fs-xs-20 brz-fss-xs-px brz-fw-xs-400 brz-ls-xs-0 brz-lh-xs-1_3 brz-vfw-xs-400 brz-fwdth-xs-100 brz-fsft-xs-0 brz-tp-sm-empty brz-fs-sm-28 brz-fss-sm-px brz-fw-sm-400 brz-ls-sm-0 brz-lh-sm-1_3 brz-vfw-sm-400 brz-fwdth-sm-100 brz-fsft-sm-0 brz-fss-lg-px brz-fw-lg-400 brz-ls-lg-0 brz-lh-lg-1_3 brz-vfw-lg-400 brz-fwdth-lg-100 brz-fsft-lg-0 brz-tp-lg-empty brz-ff-dm_serif_text brz-ft-google brz-fs-lg-33 brz-css-s0CXq\" data-uniq-id=\"s6oeb\" data-generated-css=\"brz-css-v94c3\"><span class=\"brz-cp-color2\">Nous travaillons sur quelque chose d\u2019incroyable!<\/span><\/p>\n<\/div>\n<\/div>\n<\/div>\n<div id=\"\" class=\"brz-css-d-wrapper brz-css-1y7ypf9 brz-wrapper\">\n<div class=\"brz-rich-text brz-rich-text__custom brz-css-d-richtext brz-css-1inuqcq\" data-brz-custom-id=\"uV5Gjbc6sDds\">\n<div data-brz-translate-text=\"1\">\n<p class=\"brz-fsft-sm-0 brz-fwdth-sm-100 brz-vfw-sm-400 brz-lh-sm-1_8 brz-ls-sm-0 brz-fw-sm-400 brz-fss-sm-px brz-fs-sm-19 brz-tp-sm-empty brz-text-lg-center brz-fss-lg-px brz-fw-lg-400 brz-ls-lg-0 brz-lh-lg-1_8 brz-vfw-lg-400 brz-fwdth-lg-100 brz-fsft-lg-0 brz-tp-lg-empty brz-ff-red_hat_text brz-ft-google brz-fs-lg-20 brz-tp-xs-empty brz-fs-xs-15 brz-fss-xs-px brz-fw-xs-400 brz-ls-xs-0 brz-lh-xs-1_8 brz-vfw-xs-400 brz-fwdth-xs-100 brz-fsft-xs-0 brz-css-xA8aU\" data-generated-css=\"brz-css-apmvm\" data-uniq-id=\"yg9hT\"><span class=\"brz-cp-color7\">Notre site web est en construction et sera bient\u00f4t disponible.<\/span><\/p>\n<p class=\"brz-text-lg-center brz-tp-lg-empty brz-ff-red_hat_text brz-ft-google brz-fs-lg-23 brz-fss-lg-px brz-fw-lg-700 brz-ls-lg-0 brz-lh-lg-1_8 brz-vfw-lg-400 brz-fwdth-lg-100 brz-fsft-lg-0 brz-tp-xs-empty brz-fs-xs-18 brz-fss-xs-px brz-fw-xs-700 brz-ls-xs-0 brz-lh-xs-1_8 brz-vfw-xs-400 brz-fwdth-xs-100 brz-fsft-xs-0 brz-css-ePwAO\" data-generated-css=\"brz-css-qVqIc\" data-uniq-id=\"tLS_G\"><span class=\"brz-cp-color7\">\u00c0 bient\u00f4t!<\/span><\/p>\n<\/div>\n<\/div>\n<\/div>\n<\/div>\n<\/div>\n<\/section>\n<section id=\"x5qKDxEcycJy_x5qKDxEcycJy\" class=\"brz-section brz-css-d-section brz-css-qrwptu\">\n<div class=\"brz-section__content brz-section--boxed brz-css-d-sectionitem-bg brz-css-awwu97\" data-brz-custom-id=\"hhhwGOvedbwe\">\n<div class=\"brz-bg\">\n<div class=\"brz-bg-color\"><\/div>\n<\/div>\n<div class=\"brz-container brz-css-d-sectionitem-container brz-css-q77lgn\">\n<div id=\"\" data-brz-iteration-count=\"1\" class=\"brz-css-d-wrapper brz-css-i8z2wj brz-wrapper brz-animated brz-css-d-wrapper-animation-zoomin-1000-1000-false brz-css-1zu8b2\" data-animationid=\"cgkaLAZfkiaS\">\n<div class=\"brz-hover-animation__container\" data-brz-hover-animationid=\"cgkaLAZfkiaS\" data-brz-hover-options=\"%7B%22fill%22:%22forwards%22,%22easing%22:%22cubic-bezier(0.47,%202.02,%200.31,%20-0.36)%22,%22duration%22:600,%22iterations%22:1%7D\" data-brz-hover-reversible=\"true\" data-brz-hover-target=\"%22firstChild%22\" data-brz-hover-animation=\"%5B%7B%22WebkitAnimationTimingFunction%22:%22cubic-bezier(0.47,%202.02,%200.31,%20-0.36)%22,%22offset%22:0%7D,%7B%22WebkitTransform%22:%22scale(1.2)%22,%22transform%22:%22scale(1.2)%22,%22offset%22:1%7D%5D\">\n<div data-brz-end=\"31\/05\/2026\" data-brz-hours=\"12 pm\" data-brz-minutes=\"0\" data-brz-timezone=\"300\" data-brz-link-type=\"linkAction\" data-brz-redirect=\"\" data-brz-translatable-message=\"Congratulation!\" data-brz-action=\"none\" class=\"brz-countdown2 brz-countdown2-style1 brz-css-d-countdown2-container brz-css-16q9kqa\" data-brz-custom-id=\"huUj08D7hhzs\">\n<div class=\"brz-countdown2-parts\">\n<div class=\"brz-countdown2__item brz-countdown2__days brz-countdown2_custom\">\n<div class=\"brz-countdown2__number\">00<\/div>\n<div class=\"brz-countdown2__label\"><span data-brz-translate-text=\"1\" class=\"brz-span brz-text__editor\">jours<\/span><\/div>\n<\/div>\n<div class=\"brz-countdown2__item brz-countdown2__hours brz-countdown2_custom\">\n<div class=\"brz-countdown2__number\">00<\/div>\n<div class=\"brz-countdown2__label\"><span data-brz-translate-text=\"1\" class=\"brz-span brz-text__editor\">heures<\/span><\/div>\n<\/div>\n<div class=\"brz-countdown2__item brz-countdown2__minutes brz-countdown2_custom\">\n<div class=\"brz-countdown2__number\">00<\/div>\n<div class=\"brz-countdown2__label\"><span data-brz-translate-text=\"1\" class=\"brz-span brz-text__editor\">minutes<\/span><\/div>\n<\/div>\n<div class=\"brz-countdown2__item brz-countdown2__seconds brz-countdown2_custom\">\n<div class=\"brz-countdown2__number\">00<\/div>\n<div class=\"brz-countdown2__label\"><span data-brz-translate-text=\"1\" class=\"brz-span brz-text__editor\">secondes<\/span><\/div>\n<\/div>\n<\/div>\n<\/div>\n<\/div>\n<\/div>\n<div id=\"\" class=\"brz-css-d-wrapper brz-css-r-wrapper brz-css-5e2j22 brz-wrapper\">\n<div class=\"brz-spacer brz-css-d-spacer brz-css-17jeybk\"><\/div>\n<\/div>\n<div id=\"\" class=\"brz-css-d-wrapper brz-css-xqdpc6 brz-wrapper\">\n<div class=\"brz-rich-text brz-rich-text__custom brz-css-d-richtext brz-css-1xlx6lf\" data-brz-custom-id=\"mjcjTCY0HClj\">\n<div data-brz-translate-text=\"1\">\n<p class=\"brz-text-lg-center brz-tp-lg-paragraph brz-css-bvKsl\" data-generated-css=\"brz-css-n8EB_\" data-uniq-id=\"nGiPW\"><span class=\"brz-cp-color7\">\u00a9 2025 <\/span><a class=\"brz-cp-color7 link--external\" href=\"https:\/\/jcsystemes.com\/fr\/\" data-brz-link-type=\"external\" target=\"_blank\" rel=\"noreferrer noopener\">JC Syst\u00e8mes<\/a><span class=\"brz-cp-color7\"> \u2022 Tous droits r\u00e9serv\u00e9s<\/span><\/p>\n<\/div>\n<\/div>\n<\/div>\n<div id=\"jcabientotlanguage\" class=\"brz-css-d-wrapper brz-css-1w7jnsz brz-wrapper\">\n<div class=\"brz-menu__container brz-css-d-menu-menu-container brz-css-1n6byc6\" data-brz-custom-id=\"j8jscj65pzmH\">\n<nav data-mods=\"%7B%22desktop%22%3A%22horizontal%22%2C%22tablet%22%3A%22horizontal%22%2C%22mobile%22%3A%22horizontal%22%7D\" class=\"brz-menu brz-menu__preview brz-css-d-menu-menu brz-css-1j04zdf\">\n<ul class=\"brz-menu__ul\" data-menu-items-active=\"\">\n<li data-menu-item-id=\"0c0904a4e79b26d964313273f108454e\" class=\"brz-menu__item trp-language-switcher-container trp-menu-ls-item trp-menu-ls-desktop menu-item menu-item-type-post_type menu-item-object-language_switcher\"><a class=\"brz-a\" target=\"\" href=\"https:\/\/jcsystemes.com\/wp-admin\/admin-ajax.php?action=brizy_update_item&#038;version=346-wp&#038;hash=09b70b5358\" title=\"\"><span class=\"brz-span\"><span class=\"trp-menu-ls-label\" data-no-translation title=\"FR\"><img decoding=\"async\" src=\"https:\/\/jcsystemes.com\/wp-content\/plugins\/translatepress-multilingual\/assets\/flags\/4x3\/fr_FR.svg\" class=\"trp-flag-image\" alt=\"\" role=\"presentation\" loading=\"lazy\" width=\"18\" height=\"14\" \/> <span class=\"trp-ls-language-name\">FR<\/span><\/span><\/span><\/a><\/li>\n<\/ul>\n<\/nav>\n<\/div>\n<\/div>\n<\/div>\n<\/div>\n<\/section><\/div>\n<p><!-- version:1766876101 --><\/p>","protected":false},"excerpt":{"rendered":"<p>Pr\u00f3ximamente \u00a1Estamos trabajando en algo incre\u00edble! Nuestro sitio web est\u00e1 en construcci\u00f3n y pronto estar\u00e1 disponible. \u00a1Nos vemos pronto! 00 d\u00edas 00 horas 00 minutos 00 segundos \u00a9 2025 JC Syst\u00e8mes \u2022 Todos los derechos reservados. FR<\/p>","protected":false},"author":1,"featured_media":0,"parent":0,"menu_order":0,"comment_status":"closed","ping_status":"closed","template":"brizy-blank-template.php","meta":{"footnotes":""},"class_list":["post-42","page","type-page","status-publish"],"brizy_media":[{"id":294,"url":"https:\/\/jcsystemes.com\/wp-content\/uploads\/2025\/02\/cropped-jcWebIcon.png","name":"cropped-jcWebIcon.png","meta":{"brizy_attachment_uid":"wp-affdb3f223094fac84082148e1a3ecc0.png","brizy_post_uid":["3110436a12f4f23437fe3378194a3bb0"]}},{"id":325,"url":"https:\/\/jcsystemes.com\/wp-content\/uploads\/2025\/02\/jc-systemes-logo.png","name":"jc-systemes-logo.png","meta":{"brizy_attachment_uid":"wp-34999137d53d0bd47ce08c0bb44a31ef.png","brizy_post_uid":["3110436a12f4f23437fe3378194a3bb0","4110bfb8c39afc75b74e87c0f75d86a4"]}}],"_links":{"self":[{"href":"https:\/\/jcsystemes.com\/fr\/wp-json\/wp\/v2\/pages\/42","targetHints":{"allow":["GET"]}}],"collection":[{"href":"https:\/\/jcsystemes.com\/fr\/wp-json\/wp\/v2\/pages"}],"about":[{"href":"https:\/\/jcsystemes.com\/fr\/wp-json\/wp\/v2\/types\/page"}],"author":[{"embeddable":true,"href":"https:\/\/jcsystemes.com\/fr\/wp-json\/wp\/v2\/users\/1"}],"replies":[{"embeddable":true,"href":"https:\/\/jcsystemes.com\/fr\/wp-json\/wp\/v2\/comments?post=42"}],"version-history":[{"count":11,"href":"https:\/\/jcsystemes.com\/fr\/wp-json\/wp\/v2\/pages\/42\/revisions"}],"predecessor-version":[{"id":1600,"href":"https:\/\/jcsystemes.com\/fr\/wp-json\/wp\/v2\/pages\/42\/revisions\/1600"}],"wp:attachment":[{"href":"https:\/\/jcsystemes.com\/fr\/wp-json\/wp\/v2\/media?parent=42"}],"curies":[{"name":"wp","href":"https:\/\/api.w.org\/{rel}","templated":true}]}}